{"id":8191,"date":"2018-12-14T14:02:11","date_gmt":"2018-12-14T19:02:11","guid":{"rendered":"http:\/\/cngo.ca\/?page_id=8191"},"modified":"2026-04-08T08:50:53","modified_gmt":"2026-04-08T12:50:53","slug":"personnel","status":"publish","type":"page","link":"https:\/\/cngo-bgcn.ca\/fr\/personnel\/","title":{"rendered":"Personnel"},"content":{"rendered":"\n<div class=\"wp-block-columns is-layout-flex wp-container-core-columns-layout-1 wp-block-columns-is-layout-flex\">\n<div class=\"wp-block-column is-layout-flow wp-block-column-is-layout-flow\">\n<p><strong>Alia Bigio, MSc, g\u00e9o.<br><\/strong>G\u00e9ologue en chef<\/p>\n<\/div>\n\n\n\n<div class=\"wp-block-column is-layout-flow wp-block-column-is-layout-flow\">\n<p><strong>Celine Gilbert, BSc<br><\/strong>Sp\u00e9cialiste principale en SIG<\/p>\n<\/div>\n<\/div>\n\n\n\n<div class=\"wp-block-columns is-layout-flex wp-container-core-columns-layout-2 wp-block-columns-is-layout-flex\">\n<div class=\"wp-block-column is-layout-flow wp-block-column-is-layout-flow\">\n<p><strong>Tavis Enno, MSc<br><\/strong>G\u00e9ologue \u00e9conomique<\/p>\n<\/div>\n\n\n\n<div class=\"wp-block-column is-layout-flow wp-block-column-is-layout-flow\">\n<p><strong>Erin Bros, g\u00e9o.<br><\/strong>G\u00e9ologue en cartographie r\u00e9gionale<\/p>\n<\/div>\n<\/div>\n\n\n\n<div class=\"wp-block-columns is-layout-flex wp-container-core-columns-layout-3 wp-block-columns-is-layout-flex\">\n<div class=\"wp-block-column is-layout-flow wp-block-column-is-layout-flow\">\n<p><strong>Zina Boileau Morrison, BSc<br><\/strong>G\u00e9ologue en cartographie r\u00e9gionale<\/p>\n<\/div>\n\n\n\n<div class=\"wp-block-column is-layout-flow wp-block-column-is-layout-flow\">\n<p><\/p>\n<\/div>\n<\/div>\n\n\n\n<p><\/p>\n","protected":false},"excerpt":{"rendered":"<p>Alia Bigio, MSc, g\u00e9o.G\u00e9ologue en chef Celine Gilbert, BScSp\u00e9cialiste principale en SIG Tavis Enno, MScG\u00e9ologue \u00e9conomique Erin Bros, g\u00e9o.G\u00e9ologue en cartographie r\u00e9gionale Zina Boileau Morrison, BScG\u00e9ologue en cartographie r\u00e9gionale<\/p>\n","protected":false},"author":10,"featured_media":0,"parent":0,"menu_order":0,"comment_status":"closed","ping_status":"closed","template":"","meta":{"footnotes":""},"acf":[],"_links":{"self":[{"href":"https:\/\/cngo-bgcn.ca\/fr\/wp-json\/wp\/v2\/pages\/8191"}],"collection":[{"href":"https:\/\/cngo-bgcn.ca\/fr\/wp-json\/wp\/v2\/pages"}],"about":[{"href":"https:\/\/cngo-bgcn.ca\/fr\/wp-json\/wp\/v2\/types\/page"}],"author":[{"embeddable":true,"href":"https:\/\/cngo-bgcn.ca\/fr\/wp-json\/wp\/v2\/users\/10"}],"replies":[{"embeddable":true,"href":"https:\/\/cngo-bgcn.ca\/fr\/wp-json\/wp\/v2\/comments?post=8191"}],"version-history":[{"count":15,"href":"https:\/\/cngo-bgcn.ca\/fr\/wp-json\/wp\/v2\/pages\/8191\/revisions"}],"predecessor-version":[{"id":15052,"href":"https:\/\/cngo-bgcn.ca\/fr\/wp-json\/wp\/v2\/pages\/8191\/revisions\/15052"}],"wp:attachment":[{"href":"https:\/\/cngo-bgcn.ca\/fr\/wp-json\/wp\/v2\/media?parent=8191"}],"curies":[{"name":"wp","href":"https:\/\/api.w.org\/{rel}","templated":true}]}}