{"id":2408,"date":"2014-01-26T03:27:47","date_gmt":"2014-01-26T03:27:47","guid":{"rendered":"http:\/\/cngo.ca\/?page_id=2408"},"modified":"2024-09-03T14:41:07","modified_gmt":"2024-09-03T18:41:07","slug":"affiches-presentations-cartes","status":"publish","type":"page","link":"https:\/\/cngo-bgcn.ca\/fr\/affiches-presentations-cartes\/","title":{"rendered":"Affiches, pr\u00e9sentations et cartes"},"content":{"rendered":"\n<p>Cette page est en cours de r\u00e9vision. Nous esp\u00e9rons que tout sera rentr\u00e9 dans l\u2019ordre dans quelques mois. Nous nous excusons pour tout inconv\u00e9nient.<\/p>\n\n\n\n<p>Pour obtenir plus de renseignements, veuillez \u00e9crire \u00e0 l\u2019adresse <a href=\"mailto:cngo-bgcn@nrcan-rncan.gc.ca\">cngo-bgcn@nrcan-rncan.gc.ca<\/a><\/p>\n\n\n","protected":false},"excerpt":{"rendered":"<p>Cette page est en cours de r\u00e9vision. Nous esp\u00e9rons que tout sera rentr\u00e9 dans l\u2019ordre dans quelques mois. Nous nous excusons pour tout inconv\u00e9nient. Pour obtenir plus de renseignements, veuillez \u00e9crire \u00e0 l\u2019adresse cngo-bgcn@nrcan-rncan.gc.ca<\/p>\n","protected":false},"author":10,"featured_media":0,"parent":0,"menu_order":0,"comment_status":"closed","ping_status":"closed","template":"","meta":{"footnotes":""},"acf":[],"_links":{"self":[{"href":"https:\/\/cngo-bgcn.ca\/fr\/wp-json\/wp\/v2\/pages\/2408"}],"collection":[{"href":"https:\/\/cngo-bgcn.ca\/fr\/wp-json\/wp\/v2\/pages"}],"about":[{"href":"https:\/\/cngo-bgcn.ca\/fr\/wp-json\/wp\/v2\/types\/page"}],"author":[{"embeddable":true,"href":"https:\/\/cngo-bgcn.ca\/fr\/wp-json\/wp\/v2\/users\/10"}],"replies":[{"embeddable":true,"href":"https:\/\/cngo-bgcn.ca\/fr\/wp-json\/wp\/v2\/comments?post=2408"}],"version-history":[{"count":8,"href":"https:\/\/cngo-bgcn.ca\/fr\/wp-json\/wp\/v2\/pages\/2408\/revisions"}],"predecessor-version":[{"id":14726,"href":"https:\/\/cngo-bgcn.ca\/fr\/wp-json\/wp\/v2\/pages\/2408\/revisions\/14726"}],"wp:attachment":[{"href":"https:\/\/cngo-bgcn.ca\/fr\/wp-json\/wp\/v2\/media?parent=2408"}],"curies":[{"name":"wp","href":"https:\/\/api.w.org\/{rel}","templated":true}]}}