{"id":14959,"date":"2026-02-28T14:42:29","date_gmt":"2026-02-28T19:42:29","guid":{"rendered":"https:\/\/cngo-bgcn.ca\/?page_id=14959"},"modified":"2026-04-08T08:41:57","modified_gmt":"2026-04-08T12:41:57","slug":"carte-de-dossier-public","status":"publish","type":"page","link":"https:\/\/cngo-bgcn.ca\/fr\/carte-de-dossier-public\/","title":{"rendered":"Carte de dossier public"},"content":{"rendered":"\n<p>Les s\u00e9ries de Carte de dossier public du BGCN repr\u00e9sentent un travail pr\u00e9liminaire et elles sont produites pour acc\u00e9l\u00e9rer la diffusion des informations en temps utile. Chaque carte non d\u00e9finitive est examin\u00e9e avant sa publication par au moins un sp\u00e9cialiste.<\/p>\n\n\n\n<p><a href=\"https:\/\/m.cngo.ca\/wp-content\/uploads\/20260228155045\/CDP2026-07.zip\"><strong>CDP2026-07 : <\/strong>G\u00e9ologie du substratum rocheux, Siuraarjuk, \u00cele de Baffin, Nunavut, SNRC 47D nord-est et 47E sude-est<\/a><\/p>\n\n\n\n<ul>\n<li>voir <a href=\"https:\/\/m.cngo.ca\/wp-content\/uploads\/20260331155018\/CNGO-GDS2026-001-Steenkamp-et-al-1.zip\" data-type=\"link\" data-id=\"https:\/\/m.cngo.ca\/wp-content\/uploads\/20260331155018\/CNGO-GDS2026-001-Steenkamp-et-al-1.zip\">GDS2026-001<\/a> pour les donn\u00e9es g\u00e9ospatiales associ\u00e9es<\/li>\n<\/ul>\n\n\n\n<p><a href=\"https:\/\/m.cngo.ca\/wp-content\/uploads\/20260228152343\/CDP2026-06.zip\"><strong>CDP2026-06 : <\/strong>G\u00e9ologie du substratum rocheux, Gifford River, \u00cele de Baffin, Nunavut, SNRC 47E ouest (en partie) et 47D nord-ouest (en partie)<\/a><\/p>\n\n\n\n<ul>\n<li>voir <a href=\"https:\/\/m.cngo.ca\/wp-content\/uploads\/20260331155018\/CNGO-GDS2026-001-Steenkamp-et-al-1.zip\" data-type=\"link\" data-id=\"https:\/\/m.cngo.ca\/wp-content\/uploads\/20260331155018\/CNGO-GDS2026-001-Steenkamp-et-al-1.zip\">GDS2026-001<\/a> pour les donn\u00e9es g\u00e9ospatiales associ\u00e9es<\/li>\n<\/ul>\n\n\n\n<p><a href=\"https:\/\/m.cngo.ca\/wp-content\/uploads\/20260228133709\/CDP2026-05.zip\"><strong>CDP2026-05 : <\/strong>G\u00e9ologie du substratum rocheux, Autridge Bay, \u00cele de Baffin, Nunavut, SNRC 47F est<\/a><\/p>\n\n\n\n<ul>\n<li>voir <a href=\"https:\/\/m.cngo.ca\/wp-content\/uploads\/20260331155018\/CNGO-GDS2026-001-Steenkamp-et-al-1.zip\" data-type=\"link\" data-id=\"https:\/\/m.cngo.ca\/wp-content\/uploads\/20260331155018\/CNGO-GDS2026-001-Steenkamp-et-al-1.zip\">GDS2026-001<\/a> pour les donn\u00e9es g\u00e9ospatiales associ\u00e9es<\/li>\n<\/ul>\n\n\n\n<p><a href=\"https:\/\/m.cngo.ca\/wp-content\/uploads\/20260228122213\/CDP2026-04.zip\"><strong>CDP2026-04 : <\/strong>G\u00e9ologie du substratum rocheux, Agu Bay, \u00cele de Baffin, Nunavut, SNRC 47F ouest (en partie)<\/a><\/p>\n\n\n\n<ul>\n<li>voir <a href=\"https:\/\/m.cngo.ca\/wp-content\/uploads\/20260331155018\/CNGO-GDS2026-001-Steenkamp-et-al-1.zip\" data-type=\"link\" data-id=\"https:\/\/m.cngo.ca\/wp-content\/uploads\/20260331155018\/CNGO-GDS2026-001-Steenkamp-et-al-1.zip\">GDS2026-001<\/a> pour les donn\u00e9es g\u00e9ospatiales associ\u00e9es<\/li>\n<\/ul>\n\n\n\n<p><a href=\"https:\/\/m.cngo.ca\/wp-content\/uploads\/20260228081819\/CDP2026-03.zip\"><strong>CDP2026-03 : <\/strong>G\u00e9ologie du substratum rocheux, Erichsen Lake, \u00cele de Baffin, Nunavut, SNRC 47E nord-est et 47H sud-est<\/a><\/p>\n\n\n\n<ul>\n<li>voir <a href=\"https:\/\/m.cngo.ca\/wp-content\/uploads\/20260331155018\/CNGO-GDS2026-001-Steenkamp-et-al-1.zip\" data-type=\"link\" data-id=\"https:\/\/m.cngo.ca\/wp-content\/uploads\/20260331155018\/CNGO-GDS2026-001-Steenkamp-et-al-1.zip\">GDS2026-001<\/a> pour les donn\u00e9es g\u00e9ospatiales associ\u00e9es<\/li>\n<\/ul>\n\n\n\n<p><a href=\"https:\/\/m.cngo.ca\/wp-content\/uploads\/20260228075702\/CDP2026-02.zip\"><strong>CDP2026-02 : <\/strong>G\u00e9ologie du substratum rocheux, R\u00e9gion de la Jungersen River, \u00cele de Baffin, Nunavut, SNRC 47H ouest (en partie) et 47E nord-ouest (en partie)<\/a><\/p>\n\n\n\n<ul>\n<li>voir <a href=\"https:\/\/m.cngo.ca\/wp-content\/uploads\/20260331155018\/CNGO-GDS2026-001-Steenkamp-et-al-1.zip\" data-type=\"link\" data-id=\"https:\/\/m.cngo.ca\/wp-content\/uploads\/20260331155018\/CNGO-GDS2026-001-Steenkamp-et-al-1.zip\">GDS2026-001<\/a> pour les donn\u00e9es g\u00e9ospatiales associ\u00e9es<\/li>\n<\/ul>\n\n\n\n<p><a href=\"https:\/\/m.cngo.ca\/wp-content\/uploads\/20260228073454\/CDP2026-01.zip\"><strong>CDP2026-01 : <\/strong>G\u00e9ologie du substratum rocheux, Berlinguet Inlet, \u00cele de Baffin, Nunavut, SNRC 47G est<\/a><\/p>\n\n\n\n<ul>\n<li>voir <a href=\"https:\/\/m.cngo.ca\/wp-content\/uploads\/20260331155018\/CNGO-GDS2026-001-Steenkamp-et-al-1.zip\" data-type=\"link\" data-id=\"https:\/\/m.cngo.ca\/wp-content\/uploads\/20260331155018\/CNGO-GDS2026-001-Steenkamp-et-al-1.zip\">GDS2026-001<\/a> pour les donn\u00e9es g\u00e9ospatiales associ\u00e9es<\/li>\n<\/ul>\n","protected":false},"excerpt":{"rendered":"<p>Les s\u00e9ries de Carte de dossier public du BGCN repr\u00e9sentent un travail pr\u00e9liminaire et elles sont produites pour acc\u00e9l\u00e9rer la diffusion des informations en temps utile. Chaque carte non d\u00e9finitive est examin\u00e9e avant sa publication par au moins un sp\u00e9cialiste. CDP2026-07 : G\u00e9ologie du substratum rocheux, Siuraarjuk, \u00cele de Baffin, Nunavut, SNRC 47D nord-est et &hellip; <a href=\"https:\/\/cngo-bgcn.ca\/fr\/carte-de-dossier-public\/\">Continued<\/a><\/p>\n","protected":false},"author":15,"featured_media":0,"parent":0,"menu_order":0,"comment_status":"closed","ping_status":"closed","template":"","meta":{"footnotes":""},"acf":[],"_links":{"self":[{"href":"https:\/\/cngo-bgcn.ca\/fr\/wp-json\/wp\/v2\/pages\/14959"}],"collection":[{"href":"https:\/\/cngo-bgcn.ca\/fr\/wp-json\/wp\/v2\/pages"}],"about":[{"href":"https:\/\/cngo-bgcn.ca\/fr\/wp-json\/wp\/v2\/types\/page"}],"author":[{"embeddable":true,"href":"https:\/\/cngo-bgcn.ca\/fr\/wp-json\/wp\/v2\/users\/15"}],"replies":[{"embeddable":true,"href":"https:\/\/cngo-bgcn.ca\/fr\/wp-json\/wp\/v2\/comments?post=14959"}],"version-history":[{"count":5,"href":"https:\/\/cngo-bgcn.ca\/fr\/wp-json\/wp\/v2\/pages\/14959\/revisions"}],"predecessor-version":[{"id":15045,"href":"https:\/\/cngo-bgcn.ca\/fr\/wp-json\/wp\/v2\/pages\/14959\/revisions\/15045"}],"wp:attachment":[{"href":"https:\/\/cngo-bgcn.ca\/fr\/wp-json\/wp\/v2\/media?parent=14959"}],"curies":[{"name":"wp","href":"https:\/\/api.w.org\/{rel}","templated":true}]}}