{"id":14845,"date":"2025-05-01T11:04:59","date_gmt":"2025-05-01T15:04:59","guid":{"rendered":"https:\/\/cngo-bgcn.ca\/?page_id=14845"},"modified":"2025-05-01T11:05:01","modified_gmt":"2025-05-01T15:05:01","slug":"liens","status":"publish","type":"page","link":"https:\/\/cngo-bgcn.ca\/fr\/liens\/","title":{"rendered":"Liens"},"content":{"rendered":"\n<h2 class=\"wp-block-heading\">G\u00e9osciences<\/h2>\n\n\n\n<p>La Commission g\u00e9ologique du Canada \u2013 <a href=\"https:\/\/ressources-naturelles.canada.ca\/science-et-donnees\/centres-de-recherche-et-laboratoires\/la-commission-geologique-du-canada\/17101\">Min\u00e9raux et exploitation mini\u00e8re<\/a><\/p>\n\n\n\n<ul>\n<li><a href=\"https:\/\/ostrnrcan-dostrncan.canada.ca\/collections\/c55ee05e-a198-489d-b9b4-8de8615afbb2?spc.sf=dc.date.issued&amp;spc.sd=DESC\">GEOSCAN <\/a>(publications et donn\u00e9es)<\/li>\n\n\n\n<li><a href=\"https:\/\/geophysical-data.canada.ca\/portail\/Search\">Entrep\u00f4t de donn\u00e9es g\u00e9oscientifiques pour les donn\u00e9es g\u00e9ophysiques<\/a><\/li>\n\n\n\n<li><a href=\"https:\/\/geochem.nrcan.gc.ca\/\">Les lev\u00e9s g\u00e9ochimiques du Canada<\/a><\/li>\n\n\n\n<li><a href=\"https:\/\/ressources-naturelles.canada.ca\/science-donnees\/science-recherche\/recherche-geoscientifique-dans-nord-canada\">Programme GEM-G\u00e9oNord<\/a><\/li>\n<\/ul>\n\n\n\n<p><a href=\"https:\/\/nunavutgeoscience.ca\/fr\/\">NunavutGeoscience.ca<\/a> (rapports d&#8217;\u00e9valuation, indices min\u00e9raux, \u00e9tudes d&#8217;agr\u00e9gats, etc.)<\/p>\n\n\n\n<h2 class=\"wp-block-heading\">R\u00e8glements<\/h2>\n\n\n\n<p>Relations Couronne-Autochtones et des Affaires du Nord Canada \u2013 <a href=\"https:\/\/www.rcaanc-cirnac.gc.ca\/fra\/1100100036000\/1547749889500\">Mines et min\u00e9raux au Nunavut<\/a><\/p>\n\n\n\n<p>Gouvernement du Nunavut \u2013 <a href=\"https:\/\/www.gov.nu.ca\/fr\/industrie\/exploitation-et-exploration-minieres\">Exploitation et exploration mini\u00e8res<\/a><\/p>\n\n\n\n<h2 class=\"wp-block-heading\">Industrie<\/h2>\n\n\n\n<p><a href=\"https:\/\/www.miningnorth.com\/\">NWT\/NU Chamber of Mines<\/a> <sup>*anglais seulement<\/sup><\/p>\n\n\n\n<p><a href=\"https:\/\/www.nunavutminingsymposium.ca\/\">Nunavut Mining Symposium<\/a> <sup>*anglais seulement<\/sup><\/p>\n\n\n\n<h2 class=\"wp-block-heading\">G\u00e9n\u00e9ral<\/h2>\n\n\n\n<p><a href=\"https:\/\/ressources-naturelles.canada.ca\/carte-outils-publications\/cartes\/carte-topographique\/index-cartes-systeme-national-reference-cartographique\">Index des cartes du Syst\u00e8me national de r\u00e9f\u00e9rence cartographique du Canada<\/a><\/p>\n","protected":false},"excerpt":{"rendered":"<p>G\u00e9osciences La Commission g\u00e9ologique du Canada \u2013 Min\u00e9raux et exploitation mini\u00e8re NunavutGeoscience.ca (rapports d&#8217;\u00e9valuation, indices min\u00e9raux, \u00e9tudes d&#8217;agr\u00e9gats, etc.) R\u00e8glements Relations Couronne-Autochtones et des Affaires du Nord Canada \u2013 Mines et min\u00e9raux au Nunavut Gouvernement du Nunavut \u2013 Exploitation et exploration mini\u00e8res Industrie NWT\/NU Chamber of Mines *anglais seulement Nunavut Mining Symposium *anglais seulement G\u00e9n\u00e9ral &hellip; <a href=\"https:\/\/cngo-bgcn.ca\/fr\/liens\/\">Continued<\/a><\/p>\n","protected":false},"author":10,"featured_media":0,"parent":0,"menu_order":0,"comment_status":"closed","ping_status":"closed","template":"","meta":{"footnotes":""},"acf":[],"_links":{"self":[{"href":"https:\/\/cngo-bgcn.ca\/fr\/wp-json\/wp\/v2\/pages\/14845"}],"collection":[{"href":"https:\/\/cngo-bgcn.ca\/fr\/wp-json\/wp\/v2\/pages"}],"about":[{"href":"https:\/\/cngo-bgcn.ca\/fr\/wp-json\/wp\/v2\/types\/page"}],"author":[{"embeddable":true,"href":"https:\/\/cngo-bgcn.ca\/fr\/wp-json\/wp\/v2\/users\/10"}],"replies":[{"embeddable":true,"href":"https:\/\/cngo-bgcn.ca\/fr\/wp-json\/wp\/v2\/comments?post=14845"}],"version-history":[{"count":10,"href":"https:\/\/cngo-bgcn.ca\/fr\/wp-json\/wp\/v2\/pages\/14845\/revisions"}],"predecessor-version":[{"id":14863,"href":"https:\/\/cngo-bgcn.ca\/fr\/wp-json\/wp\/v2\/pages\/14845\/revisions\/14863"}],"wp:attachment":[{"href":"https:\/\/cngo-bgcn.ca\/fr\/wp-json\/wp\/v2\/media?parent=14845"}],"curies":[{"name":"wp","href":"https:\/\/api.w.org\/{rel}","templated":true}]}}